{"id":2624,"date":"2020-05-04T22:14:14","date_gmt":"2020-05-04T21:14:14","guid":{"rendered":"http:\/\/www.strimeo.tv\/?page_id=2624"},"modified":"2020-05-04T22:14:15","modified_gmt":"2020-05-04T21:14:15","slug":"polityka-cookies","status":"publish","type":"page","link":"https:\/\/strimeo.tv\/archiwum\/polityka-cookies\/","title":{"rendered":"Polityka cookies"},"content":{"rendered":"\n<p> Co to s\u0105 cookie?<\/p>\n\n\n\n<p>Pliki cookie (tzw. &#8220;ciasteczka&#8221;) to ma\u0142e pliki tekstowe wysy\u0142ane z serwer\u00f3w odwiedzanych stron internetowych oraz aplikacji i przechowywane przez przegl\u0105darki internetowe i inne rozwi\u0105zania technologiczne na komputerach osobistych. Dzi\u0119ki nim mo\u017cliwe jest dostarczenie wysokiej jako\u015bci us\u0142ugi w stosowanym modelu biznesowym i usprawniaj\u0105 korzystanie z niej. Pliki te identyfikuj\u0105 internaut\u0119 przy ponownych odwiedzinach b\u0105d\u017a w ramach jednej wizyty w celu usprawnienia niekt\u00f3rych funkcji np. zwi\u0105zanych z logowaniem lub w celu dostarczenia spersonalizowanych informacji. Pliki cookies stosowane w serwisach StrimeoTV s\u0105 bezpieczne i nie maj\u0105 szkodliwego wp\u0142ywu na urz\u0105dzenie ko\u0144cowe. W plikach cookie trzymane s\u0105 tylko te dane, kt\u00f3re dana witryna czy aplikacja zapisuje i ma do nich dost\u0119p. Nie s\u0105 w nich zatem przechowywane np. dane zewn\u0119trzne dotycz\u0105ce innych stron czy aplikacji.<\/p>\n\n\n\n<p>Zarz\u0105dzanie plikami cookie<\/p>\n\n\n\n<p>Plikami cookie stosowanymi na stronach internetowych mo\u017cna zarz\u0105dza\u0107 za po\u015brednictwem ustawie\u0144 przegl\u0105darki internetowej.&nbsp;(W przegl\u0105darce Internet Explorer cookies mo\u017cna wy\u0142\u0105czy\u0107 t\u0119 funkcj\u0119 wykorzystuj\u0105c ustawienia &#8211; NARZ\u0118DZA &#8211; OPCJE INTERNETOWE &#8211; PRYWATNO\u015a\u0106 &#8211; ZABLOKUJ WSZYSTKIE CIASTECZKA. W przegl\u0105darce Firefox przez modyfikacje ustawie\u0144 &#8211; NARZ\u0118DZIA &#8211; OPCJE &#8211; PRYWATNO\u015a\u0106). Wprowadzone zmiany nie wp\u0142yn\u0105 na pliki cookie ju\u017c przechowywane na komputerze. Pliki te mog\u0105 Pa\u0144stwo usun\u0105\u0107 za po\u015brednictwem ustawie\u0144 przegl\u0105darki. Internauci mog\u0105 dowolnie zarz\u0105dza\u0107 stosowanymi plikami cookies. Nale\u017cy jednak pami\u0119ta\u0107, \u017ce zablokowanie &#8220;ciasteczek&#8221; mo\u017ce wi\u0105za\u0107 si\u0119 z ograniczonym dost\u0119pem lub ca\u0142kowitym brakiem dost\u0119pu do us\u0142ugi oferowanej przez StrimeoTV. Stosowanie plik\u00f3w cookies jest bowiem niezb\u0119dne do dostarczenia us\u0142ugi w przyj\u0119tym modelu biznesowym. W przypadku serwis\u00f3w StrimeoTV na takich urz\u0105dzeniach jak komputer, urz\u0105dzenia mobilne i inne platformy, akceptacja stosowania plik\u00f3w cookies jest niezb\u0119dnym warunkiem do umo\u017cliwienia dostarczenia us\u0142ugi.<\/p>\n\n\n\n<p>Jakie cookies stosuje StrimeoTV?<\/p>\n\n\n\n<p>Pliki cookie u\u017cywane przez StrimeoTV zosta\u0142y podzielone na kategorie: sesyjne pliki cookie, trwa\u0142e pliki cookies, zewn\u0119trzne pliki cookies.<\/p>\n\n\n\n<p>Sesyjne pliki cookie<\/p>\n\n\n\n<p>To niezb\u0119dne pliki cookie, kt\u00f3re umo\u017cliwiaj\u0105 poruszanie si\u0119 w obr\u0119bie witryny internetowej lub aplikacji i korzystanie z podstawowych jej funkcji. Stosowane one s\u0105 w ramach jednej sesji. S\u0142u\u017c\u0105 one do:<br>\nIdentyfikacja u\u017cytkownik\u00f3w jako zalogowanego<br>\nZagwarantowanie po\u0142\u0105czenia z odpowiednim serwisem na stronie internetowej, podczas wprowadzania jakichkolwiek modyfikacji w dzia\u0142aniu tej strony.<\/p>\n\n\n\n<p>Trwa\u0142e pliki cookies<\/p>\n\n\n\n<p>Trwa\u0142e pliki cookies to te, kt\u00f3re zapewniaj\u0105 okre\u015blone funkcje nie tylko w ramach jednej sesji, lecz podczas ca\u0142ego czasu przechowywania danego pliku na komputerze. S\u0105 to pliki zwi\u0105zane z wydajno\u015bci\u0105 us\u0142ugi oraz jej funkcjonalno\u015bciami. Za pomoc\u0105 plik\u00f3w cookie zwi\u0105zanych z wydajno\u015bci\u0105 zbierane s\u0105 informacje na temat sposobu korzystania z witryny, w tym dane na temat odwiedzanych przez u\u017cytkownika podstron oraz ewentualnych b\u0142\u0119d\u00f3w. Pliki cookie zwi\u0105zane z funkcjonalno\u015bci\u0105 u\u0142atwiaj\u0105 \u015bwiadczenie us\u0142ug i zapami\u0119tuj\u0105 ustawienia maj\u0105ce na celu u\u0142atwienie u\u017cytkownikom korzystanie z naszej us\u0142ugi. Trwa\u0142e pliki cookies nie gromadz\u0105 \u017cadnych informacji, kt\u00f3re mog\u0142yby ujawni\u0107 to\u017csamo\u015b\u0107 u\u017cytkownika: s\u0105 one przetwarzane jako anonimowe dane i s\u0142u\u017c\u0105 wy\u0142\u0105cznie do usprawnienia dzia\u0142ania strony lub aplikacji, rozpoznania zainteresowa\u0144 os\u00f3b odwiedzaj\u0105cych i mierzenia skuteczno\u015bci reklam. U\u017cywamy ich do:<br>\nZdobywanie statystyk na temat sposobu korzystania z naszej strony internetowej i aplikacji<br>\nSprawdzanie skuteczno\u015bci naszych reklam<br>\nUsprawnienie dzia\u0142ania naszej strony za pomoc\u0105 rejestrowania pojawiaj\u0105cych si\u0119 b\u0142\u0119d\u00f3w<br>\nTestowanie r\u00f3\u017cnych wariant\u00f3w stylistyki naszej strony<br>\nZapami\u0119tywanie ustawie\u0144 u\u017cytkownik\u00f3w dotycz\u0105cych uk\u0142adu strony, rozmiaru tekstu, preferencji kolor\u00f3w.<br>\nZapami\u0119tywanie odpowiedzi dotycz\u0105cych ch\u0119ci wype\u0142nienia ankiety (aby nie niepokoi\u0107 internaut\u00f3w niepotrzebnie w przysz\u0142o\u015bci).<br>\nPokazywanie u\u017cytkownikom, \u017ce s\u0105 zalogowani na naszej stronie internetowej.<br>\nWymiana informacji z naszymi partnerami w celu \u015bwiadczenia us\u0142ug na naszej stronie internetowej. Informacje udost\u0119pniane w ten spos\u00f3b s\u0105 wykorzystywane wy\u0142\u0105cznie do dostarczania us\u0142ug, produkt\u00f3w i funkcji i nie s\u0105 stosowane do innych cel\u00f3w.<\/p>\n\n\n\n<p>Zewn\u0119trzne pliki cookie<\/p>\n\n\n\n<p>Zewn\u0119trzne pliki cookie to pliki umo\u017cliwiaj\u0105ce wsp\u00f3\u0142prac\u0119 z zewn\u0119trznymi firmami lub serwisami. W\u015br\u00f3d nich s\u0105 cookie badawcze dostarczaj\u0105ce systemom analitycznym dane o popularno\u015bci us\u0142ugi. S\u0105 to te\u017c pliki zwi\u0105zane z takimi us\u0142ugami, jak przycisk &#8216;Like&#8217; czy &#8216;Share&#8217;. Zewn\u0119trzne pliki cookies stosowane przez StrimeoTV s\u0142u\u017c\u0105 do:<br>\nPo\u0142\u0105czenia z serwisami spo\u0142eczno\u015bciowymi (np. Facebook, Youtube), kt\u00f3re nast\u0119pnie mog\u0105 stosowa\u0107 informacje dotycz\u0105ce odwiedzin poszczeg\u00f3lnych u\u017cytkownik\u00f3w do profilowania reklam na innych stronach internetowych.<br>\nDostarczania firmom badawczym danych o ruchu na stronie i w aplikacjach<br>\nDostarczanie agencjom reklamowym informacji dotycz\u0105cych odwiedzin poszczeg\u00f3lnych u\u017cytkownik\u00f3w, dzi\u0119ki kt\u00f3rym agencje mog\u0105 prezentowa\u0107 u\u017cytkownikom reklamy dopasowane do ich zainteresowa\u0144.<br>\nPliki cookies w ramach serwis\u00f3w StrimeoTV zbierane s\u0105 przez Agencja LDB  z siedzib\u0105 w Jeleniej G\u00f3rze, ul. \u0141azienkowska 1b, 58-570 Jelenia G\u00f3ra. Dowiedz si\u0119 wi\u0119cej o tym, jak dzia\u0142aj\u0105 ciasteczka i sprawd\u017a, do czego s\u0142u\u017c\u0105. Odwied\u017a stron\u0119 Zwi\u0105zku Pracodawc\u00f3w Bran\u017cy Internetowej IAB Polska: www.wszystkoociasteczkach.pl<\/p>\n ","protected":false},"excerpt":{"rendered":"<p>Co to s\u0105 cookie? Pliki cookie (tzw. &#8220;ciasteczka&#8221;) to ma\u0142e pliki tekstowe wysy\u0142ane z serwer\u00f3w odwiedzanych stron internetowych oraz aplikacji i przechowywane przez przegl\u0105darki internetowe i inne rozwi\u0105zania technologiczne na komputerach osobistych. Dzi\u0119ki nim mo\u017cliwe jest dostarczenie wysokiej jako\u015bci us\u0142ugi w stosowanym modelu biznesowym i usprawniaj\u0105 korzystanie z niej. Pliki te identyfikuj\u0105 internaut\u0119 przy ponownych odwiedzinach b\u0105d\u017a w ramach jednej wizyty w celu usprawnienia niekt\u00f3rych funkcji np. zwi\u0105zanych z logowaniem lub w celu dostarczenia spersonalizowanych informacji. Pliki cookies stosowane w serwisach StrimeoTV s\u0105 bezpieczne i nie maj\u0105 szkodliwego wp\u0142ywu na urz\u0105dzenie ko\u0144cowe. W plikach cookie trzymane s\u0105 tylko te dane, [&hellip;]<\/p>\n","protected":false},"author":2,"featured_media":0,"parent":0,"menu_order":0,"comment_status":"closed","ping_status":"closed","template":"","meta":{"_acf_changed":false,"footnotes":""},"class_list":["post-2624","page","type-page","status-publish","hentry"],"acf":[],"_links":{"self":[{"href":"https:\/\/strimeo.tv\/archiwum\/wp-json\/wp\/v2\/pages\/2624","targetHints":{"allow":["GET"]}}],"collection":[{"href":"https:\/\/strimeo.tv\/archiwum\/wp-json\/wp\/v2\/pages"}],"about":[{"href":"https:\/\/strimeo.tv\/archiwum\/wp-json\/wp\/v2\/types\/page"}],"author":[{"embeddable":true,"href":"https:\/\/strimeo.tv\/archiwum\/wp-json\/wp\/v2\/users\/2"}],"replies":[{"embeddable":true,"href":"https:\/\/strimeo.tv\/archiwum\/wp-json\/wp\/v2\/comments?post=2624"}],"version-history":[{"count":1,"href":"https:\/\/strimeo.tv\/archiwum\/wp-json\/wp\/v2\/pages\/2624\/revisions"}],"predecessor-version":[{"id":2625,"href":"https:\/\/strimeo.tv\/archiwum\/wp-json\/wp\/v2\/pages\/2624\/revisions\/2625"}],"wp:attachment":[{"href":"https:\/\/strimeo.tv\/archiwum\/wp-json\/wp\/v2\/media?parent=2624"}],"curies":[{"name":"wp","href":"https:\/\/api.w.org\/{rel}","templated":true}]}}