{"id":2635,"date":"2020-05-04T23:05:08","date_gmt":"2020-05-04T22:05:08","guid":{"rendered":"http:\/\/www.strimeo.tv\/?page_id=2635"},"modified":"2020-05-08T13:11:44","modified_gmt":"2020-05-08T12:11:44","slug":"identyfikacja-wizualna","status":"publish","type":"page","link":"https:\/\/strimeo.tv\/archiwum\/identyfikacja-wizualna\/","title":{"rendered":"Identyfikacja Wizualna &#8211; Logotypy"},"content":{"rendered":"\n<p><strong>W\u0142a\u015bcicielem znaku jest Telewizja Strimeo i  ka\u017cdorazowe u\u017cycie logotypu musi by\u0107 konsultowane z dzia\u0142em marketingu telewizji Strimeo.<\/strong><\/p>\n\n\n\n<p>Przyk\u0142ady poprawnego zastosowania logotyp\u00f3w znajd\u0105  Pa\u0144stwo w ksi\u0119dze znak\u00f3w. Dla dobra i jednorodnego wizerunku firmy nale\u017cy bezwzgl\u0119dnie przestrzega\u0107 zasad w niej zawartych.<\/p>\n\n\n\n<p>W przypadku wykorzystania znaku Strimeo mail z projektem prezentuj\u0105cym spos\u00f3b jego u\u017cycia nale\u017cy przes\u0142a\u0107 na adres: <a href=\"https:\/\/tvs.pl\/media-i-logo\/patronaty@tvs.pl\">marketing@strimeo.tv <\/a> w celu uzyskania akceptacji.<\/p>\n\n\n\n<div class=\"wp-block-file\"><a href=\"https:\/\/strimeo.tv\/wp-content\/uploads\/2020\/05\/KSIE\u0328GA-ZNAKU.pdf\">KSIE\u0328GA-ZNAKU<\/a><a href=\"https:\/\/strimeo.tv\/wp-content\/uploads\/2020\/05\/KSIE\u0328GA-ZNAKU.pdf\" class=\"wp-block-file__button\" download>Pobierz<\/a><\/div>\n\n\n\n<div class=\"wp-block-file\"><a href=\"https:\/\/strimeo.tv\/wp-content\/uploads\/2020\/05\/Strimeo-pakiet-logotypo\u0301w.zip\">PAKIET LOGOTYP\u00d3W<\/a><a href=\"https:\/\/strimeo.tv\/wp-content\/uploads\/2020\/05\/Strimeo-pakiet-logotypo\u0301w.zip\" class=\"wp-block-file__button\" download>Pobierz<\/a><\/div>\n\n\n\n<p>Logotyp &#8211; podstawowe wersje:<\/p>\n\n\n\n<figure class=\"wp-block-image\"><img decoding=\"async\" width=\"300\" height=\"108\" src=\"https:\/\/strimeo.tv\/wp-content\/uploads\/2020\/05\/STRIMEO_LOGO_GLOWNE-1-300x108.png\" alt=\"\" class=\"wp-image-2639\" srcset=\"https:\/\/strimeo.tv\/archiwum\/wp-content\/uploads\/2020\/05\/STRIMEO_LOGO_GLOWNE-1-300x108.png 300w, https:\/\/strimeo.tv\/archiwum\/wp-content\/uploads\/2020\/05\/STRIMEO_LOGO_GLOWNE-1-768x276.png 768w, https:\/\/strimeo.tv\/archiwum\/wp-content\/uploads\/2020\/05\/STRIMEO_LOGO_GLOWNE-1-2047x736.png 2047w, https:\/\/strimeo.tv\/archiwum\/wp-content\/uploads\/2020\/05\/STRIMEO_LOGO_GLOWNE-1-400x144.png 400w\" sizes=\"(max-width: 300px) 100vw, 300px\" \/><\/figure>\n\n\n\n<figure class=\"wp-block-image\"><img decoding=\"async\" width=\"150\" height=\"150\" src=\"https:\/\/strimeo.tv\/wp-content\/uploads\/2020\/05\/STRIMEO_LOGO_KWA_TV-150x150.png\" alt=\"\" class=\"wp-image-2640\" srcset=\"https:\/\/strimeo.tv\/archiwum\/wp-content\/uploads\/2020\/05\/STRIMEO_LOGO_KWA_TV-150x150.png 150w, https:\/\/strimeo.tv\/archiwum\/wp-content\/uploads\/2020\/05\/STRIMEO_LOGO_KWA_TV-300x300.png 300w, https:\/\/strimeo.tv\/archiwum\/wp-content\/uploads\/2020\/05\/STRIMEO_LOGO_KWA_TV-768x768.png 768w, https:\/\/strimeo.tv\/archiwum\/wp-content\/uploads\/2020\/05\/STRIMEO_LOGO_KWA_TV-1024x1024.png 1024w, https:\/\/strimeo.tv\/archiwum\/wp-content\/uploads\/2020\/05\/STRIMEO_LOGO_KWA_TV-400x400.png 400w, https:\/\/strimeo.tv\/archiwum\/wp-content\/uploads\/2020\/05\/STRIMEO_LOGO_KWA_TV.png 1134w\" sizes=\"(max-width: 150px) 100vw, 150px\" \/><\/figure>\n\n\n\n<figure class=\"wp-block-image\"><img decoding=\"async\" width=\"300\" height=\"108\" src=\"https:\/\/strimeo.tv\/wp-content\/uploads\/2020\/05\/STRIMEO_LOGO_GLOWNE_BLACK-300x108.png\" alt=\"\" class=\"wp-image-2641\" srcset=\"https:\/\/strimeo.tv\/archiwum\/wp-content\/uploads\/2020\/05\/STRIMEO_LOGO_GLOWNE_BLACK-300x108.png 300w, https:\/\/strimeo.tv\/archiwum\/wp-content\/uploads\/2020\/05\/STRIMEO_LOGO_GLOWNE_BLACK-768x276.png 768w, https:\/\/strimeo.tv\/archiwum\/wp-content\/uploads\/2020\/05\/STRIMEO_LOGO_GLOWNE_BLACK-2047x736.png 2047w, https:\/\/strimeo.tv\/archiwum\/wp-content\/uploads\/2020\/05\/STRIMEO_LOGO_GLOWNE_BLACK-400x144.png 400w\" sizes=\"(max-width: 300px) 100vw, 300px\" \/><\/figure>\n\n\n\n<figure class=\"wp-block-image\"><img loading=\"lazy\" decoding=\"async\" width=\"150\" height=\"150\" src=\"https:\/\/strimeo.tv\/wp-content\/uploads\/2020\/05\/STRIMEO_LOGO_KWA_BLACK-150x150.png\" alt=\"\" class=\"wp-image-2642\" srcset=\"https:\/\/strimeo.tv\/archiwum\/wp-content\/uploads\/2020\/05\/STRIMEO_LOGO_KWA_BLACK-150x150.png 150w, https:\/\/strimeo.tv\/archiwum\/wp-content\/uploads\/2020\/05\/STRIMEO_LOGO_KWA_BLACK-300x300.png 300w, https:\/\/strimeo.tv\/archiwum\/wp-content\/uploads\/2020\/05\/STRIMEO_LOGO_KWA_BLACK-768x768.png 768w, https:\/\/strimeo.tv\/archiwum\/wp-content\/uploads\/2020\/05\/STRIMEO_LOGO_KWA_BLACK-1024x1024.png 1024w, https:\/\/strimeo.tv\/archiwum\/wp-content\/uploads\/2020\/05\/STRIMEO_LOGO_KWA_BLACK-400x400.png 400w, https:\/\/strimeo.tv\/archiwum\/wp-content\/uploads\/2020\/05\/STRIMEO_LOGO_KWA_BLACK.png 1134w\" sizes=\"(max-width: 150px) 100vw, 150px\" \/><\/figure>\n ","protected":false},"excerpt":{"rendered":"<p>W\u0142a\u015bcicielem znaku jest Telewizja Strimeo i ka\u017cdorazowe u\u017cycie logotypu musi by\u0107 konsultowane z dzia\u0142em marketingu telewizji Strimeo. Przyk\u0142ady poprawnego zastosowania logotyp\u00f3w znajd\u0105 Pa\u0144stwo w ksi\u0119dze znak\u00f3w. Dla dobra i jednorodnego wizerunku firmy nale\u017cy bezwzgl\u0119dnie przestrzega\u0107 zasad w niej zawartych. W przypadku wykorzystania znaku Strimeo mail z projektem prezentuj\u0105cym spos\u00f3b jego u\u017cycia nale\u017cy przes\u0142a\u0107 na adres: marketing@strimeo.tv w celu uzyskania akceptacji. Logotyp &#8211; podstawowe wersje:<\/p>\n","protected":false},"author":2,"featured_media":0,"parent":0,"menu_order":0,"comment_status":"closed","ping_status":"closed","template":"","meta":{"_acf_changed":false,"footnotes":""},"class_list":["post-2635","page","type-page","status-publish","hentry"],"acf":[],"_links":{"self":[{"href":"https:\/\/strimeo.tv\/archiwum\/wp-json\/wp\/v2\/pages\/2635","targetHints":{"allow":["GET"]}}],"collection":[{"href":"https:\/\/strimeo.tv\/archiwum\/wp-json\/wp\/v2\/pages"}],"about":[{"href":"https:\/\/strimeo.tv\/archiwum\/wp-json\/wp\/v2\/types\/page"}],"author":[{"embeddable":true,"href":"https:\/\/strimeo.tv\/archiwum\/wp-json\/wp\/v2\/users\/2"}],"replies":[{"embeddable":true,"href":"https:\/\/strimeo.tv\/archiwum\/wp-json\/wp\/v2\/comments?post=2635"}],"version-history":[{"count":3,"href":"https:\/\/strimeo.tv\/archiwum\/wp-json\/wp\/v2\/pages\/2635\/revisions"}],"predecessor-version":[{"id":2718,"href":"https:\/\/strimeo.tv\/archiwum\/wp-json\/wp\/v2\/pages\/2635\/revisions\/2718"}],"wp:attachment":[{"href":"https:\/\/strimeo.tv\/archiwum\/wp-json\/wp\/v2\/media?parent=2635"}],"curies":[{"name":"wp","href":"https:\/\/api.w.org\/{rel}","templated":true}]}}